{"id":1122,"date":"2018-01-09T13:25:50","date_gmt":"2018-01-09T12:25:50","guid":{"rendered":"https:\/\/www.feldererbau.it\/kran-arbeiten\/"},"modified":"2018-01-16T11:51:01","modified_gmt":"2018-01-16T10:51:01","slug":"lavori-gru","status":"publish","type":"page","link":"https:\/\/www.feldererbau.it\/it\/lavori-gru\/","title":{"rendered":"Servizio gru &#038; Trasporti conto terzi"},"content":{"rendered":"<h1>Servizio gru e trasporti per conto terzi<\/h1>\n<p>La nostra offerta di servizi comprende anche i lavori con <strong>gru<\/strong> e il <strong>trasporto di materiali<\/strong>, dallo <strong>smaltimento dei rifiuti<\/strong> da costruzione alla <strong>consegna di materiali ingombranti<\/strong>. Disponiamo di un autocarro Mercedes con gru e cassone ribaltabile a tre vie attrezzato per qualsiasi tipo di consegna: due morsetti di sollevamento, una pinza e un peso totale massimo ammesso di 6,5 tonnellate consentono il trasporto di materiali da costruzione e demolizione, legno, rifiuti, rottami di ferro, fieno, sabbia, pietre e altro ancora. Grazie alla sua stabilit\u00e0 e manovrabilit\u00e0, la nostra autogru pu\u00f2 essere impiegata anche nei cantieri pi\u00f9 stretti e difficili da raggiungere.<\/p>\n","protected":false},"excerpt":{"rendered":"<p>Servizio gru e trasporti per conto terzi La nostra offerta di servizi comprende anche i lavori con gru e il trasporto di materiali, dallo smaltimento dei<span class=\"excerpt-hellip\"> [\u2026]<\/span><\/p>\n","protected":false},"author":1,"featured_media":0,"parent":0,"menu_order":0,"comment_status":"closed","ping_status":"closed","template":"","meta":[],"yoast_head":"<!-- This site is optimized with the Yoast SEO plugin v19.6.1 - https:\/\/yoast.com\/wordpress\/plugins\/seo\/ -->\n<title>Felderer Bau: servizio gru e trasporti conto terzi - Alto Adige<\/title>\n<meta name=\"description\" content=\"Federer Bau effettua lavori con gru e gestisce per voi qualsiasi tipo di trasporto. Cosa possiamo fare per voi? Servizio gru e trasporti conto terzi.\" \/>\n<meta name=\"robots\" content=\"index, follow, max-snippet:-1, max-image-preview:large, max-video-preview:-1\" \/>\n<link rel=\"canonical\" href=\"https:\/\/www.feldererbau.it\/it\/lavori-gru\/\" \/>\n<meta name=\"twitter:label1\" content=\"Tempo di lettura stimato\" \/>\n\t<meta name=\"twitter:data1\" content=\"1 minuto\" \/>\n<script type=\"application\/ld+json\" class=\"yoast-schema-graph\">{\"@context\":\"https:\/\/schema.org\",\"@graph\":[{\"@type\":\"WebPage\",\"@id\":\"https:\/\/www.feldererbau.it\/it\/lavori-gru\/\",\"url\":\"https:\/\/www.feldererbau.it\/it\/lavori-gru\/\",\"name\":\"Felderer Bau: servizio gru e trasporti conto terzi - Alto Adige\",\"isPartOf\":{\"@id\":\"https:\/\/www.feldererbau.it\/#website\"},\"datePublished\":\"2018-01-09T12:25:50+00:00\",\"dateModified\":\"2018-01-16T10:51:01+00:00\",\"description\":\"Federer Bau effettua lavori con gru e gestisce per voi qualsiasi tipo di trasporto. Cosa possiamo fare per voi? Servizio gru e trasporti conto terzi.\",\"breadcrumb\":{\"@id\":\"https:\/\/www.feldererbau.it\/it\/lavori-gru\/#breadcrumb\"},\"inLanguage\":\"it-IT\",\"potentialAction\":[{\"@type\":\"ReadAction\",\"target\":[\"https:\/\/www.feldererbau.it\/it\/lavori-gru\/\"]}]},{\"@type\":\"BreadcrumbList\",\"@id\":\"https:\/\/www.feldererbau.it\/it\/lavori-gru\/#breadcrumb\",\"itemListElement\":[{\"@type\":\"ListItem\",\"position\":1,\"name\":\"Startseite\",\"item\":\"https:\/\/www.feldererbau.it\/it\/\"},{\"@type\":\"ListItem\",\"position\":2,\"name\":\"Servizio gru &#038; Trasporti conto terzi\"}]},{\"@type\":\"WebSite\",\"@id\":\"https:\/\/www.feldererbau.it\/#website\",\"url\":\"https:\/\/www.feldererbau.it\/\",\"name\":\"Felderer Bau GmbH \/ srl\",\"description\":\"Felderer Bau \u2013 Baufirma und Maurer aus Klausen\",\"publisher\":{\"@id\":\"https:\/\/www.feldererbau.it\/#organization\"},\"potentialAction\":[{\"@type\":\"SearchAction\",\"target\":{\"@type\":\"EntryPoint\",\"urlTemplate\":\"https:\/\/www.feldererbau.it\/?s={search_term_string}\"},\"query-input\":\"required name=search_term_string\"}],\"inLanguage\":\"it-IT\"},{\"@type\":\"Organization\",\"@id\":\"https:\/\/www.feldererbau.it\/#organization\",\"name\":\"FELDERER BAU GmbH\",\"url\":\"https:\/\/www.feldererbau.it\/\",\"sameAs\":[],\"logo\":{\"@type\":\"ImageObject\",\"inLanguage\":\"it-IT\",\"@id\":\"https:\/\/www.feldererbau.it\/#\/schema\/logo\/image\/\",\"url\":\"https:\/\/www.feldererbau.it\/wp-content\/uploads\/apple-touch-icon-felderer-bau.png\",\"contentUrl\":\"https:\/\/www.feldererbau.it\/wp-content\/uploads\/apple-touch-icon-felderer-bau.png\",\"width\":180,\"height\":180,\"caption\":\"FELDERER BAU GmbH\"},\"image\":{\"@id\":\"https:\/\/www.feldererbau.it\/#\/schema\/logo\/image\/\"}}]}<\/script>\n<!-- \/ Yoast SEO plugin. -->","yoast_head_json":{"title":"Felderer Bau: servizio gru e trasporti conto terzi - Alto Adige","description":"Federer Bau effettua lavori con gru e gestisce per voi qualsiasi tipo di trasporto. Cosa possiamo fare per voi? Servizio gru e trasporti conto terzi.","robots":{"index":"index","follow":"follow","max-snippet":"max-snippet:-1","max-image-preview":"max-image-preview:large","max-video-preview":"max-video-preview:-1"},"canonical":"https:\/\/www.feldererbau.it\/it\/lavori-gru\/","twitter_misc":{"Tempo di lettura stimato":"1 minuto"},"schema":{"@context":"https:\/\/schema.org","@graph":[{"@type":"WebPage","@id":"https:\/\/www.feldererbau.it\/it\/lavori-gru\/","url":"https:\/\/www.feldererbau.it\/it\/lavori-gru\/","name":"Felderer Bau: servizio gru e trasporti conto terzi - Alto Adige","isPartOf":{"@id":"https:\/\/www.feldererbau.it\/#website"},"datePublished":"2018-01-09T12:25:50+00:00","dateModified":"2018-01-16T10:51:01+00:00","description":"Federer Bau effettua lavori con gru e gestisce per voi qualsiasi tipo di trasporto. Cosa possiamo fare per voi? Servizio gru e trasporti conto terzi.","breadcrumb":{"@id":"https:\/\/www.feldererbau.it\/it\/lavori-gru\/#breadcrumb"},"inLanguage":"it-IT","potentialAction":[{"@type":"ReadAction","target":["https:\/\/www.feldererbau.it\/it\/lavori-gru\/"]}]},{"@type":"BreadcrumbList","@id":"https:\/\/www.feldererbau.it\/it\/lavori-gru\/#breadcrumb","itemListElement":[{"@type":"ListItem","position":1,"name":"Startseite","item":"https:\/\/www.feldererbau.it\/it\/"},{"@type":"ListItem","position":2,"name":"Servizio gru &#038; Trasporti conto terzi"}]},{"@type":"WebSite","@id":"https:\/\/www.feldererbau.it\/#website","url":"https:\/\/www.feldererbau.it\/","name":"Felderer Bau GmbH \/ srl","description":"Felderer Bau \u2013 Baufirma und Maurer aus Klausen","publisher":{"@id":"https:\/\/www.feldererbau.it\/#organization"},"potentialAction":[{"@type":"SearchAction","target":{"@type":"EntryPoint","urlTemplate":"https:\/\/www.feldererbau.it\/?s={search_term_string}"},"query-input":"required name=search_term_string"}],"inLanguage":"it-IT"},{"@type":"Organization","@id":"https:\/\/www.feldererbau.it\/#organization","name":"FELDERER BAU GmbH","url":"https:\/\/www.feldererbau.it\/","sameAs":[],"logo":{"@type":"ImageObject","inLanguage":"it-IT","@id":"https:\/\/www.feldererbau.it\/#\/schema\/logo\/image\/","url":"https:\/\/www.feldererbau.it\/wp-content\/uploads\/apple-touch-icon-felderer-bau.png","contentUrl":"https:\/\/www.feldererbau.it\/wp-content\/uploads\/apple-touch-icon-felderer-bau.png","width":180,"height":180,"caption":"FELDERER BAU GmbH"},"image":{"@id":"https:\/\/www.feldererbau.it\/#\/schema\/logo\/image\/"}}]}},"_links":{"self":[{"href":"https:\/\/www.feldererbau.it\/it\/wp-json\/wp\/v2\/pages\/1122"}],"collection":[{"href":"https:\/\/www.feldererbau.it\/it\/wp-json\/wp\/v2\/pages"}],"about":[{"href":"https:\/\/www.feldererbau.it\/it\/wp-json\/wp\/v2\/types\/page"}],"author":[{"embeddable":true,"href":"https:\/\/www.feldererbau.it\/it\/wp-json\/wp\/v2\/users\/1"}],"replies":[{"embeddable":true,"href":"https:\/\/www.feldererbau.it\/it\/wp-json\/wp\/v2\/comments?post=1122"}],"version-history":[{"count":3,"href":"https:\/\/www.feldererbau.it\/it\/wp-json\/wp\/v2\/pages\/1122\/revisions"}],"predecessor-version":[{"id":1275,"href":"https:\/\/www.feldererbau.it\/it\/wp-json\/wp\/v2\/pages\/1122\/revisions\/1275"}],"wp:attachment":[{"href":"https:\/\/www.feldererbau.it\/it\/wp-json\/wp\/v2\/media?parent=1122"}],"curies":[{"name":"wp","href":"https:\/\/api.w.org\/{rel}","templated":true}]}}