{"id":1133,"date":"2018-01-09T15:49:42","date_gmt":"2018-01-09T14:49:42","guid":{"rendered":"https:\/\/www.feldererbau.it\/baufirma-team\/"},"modified":"2018-01-16T11:58:54","modified_gmt":"2018-01-16T10:58:54","slug":"impresa-edile-team","status":"publish","type":"page","link":"https:\/\/www.feldererbau.it\/it\/impresa-edile-team\/","title":{"rendered":"Team &#038; Carriera"},"content":{"rendered":"<h1>Ecco il nostro team. Vuoi farne parte?<\/h1>\n<p>Il team Felderer Bau fa della solidit\u00e0 mestiere! Sotto la guida di <strong>Hubert Felderer<\/strong>, i nostri <strong>dieci collaboratori altamente qualificati formano<\/strong> da anni una <strong>squadra affiatata<\/strong>. Il nostro team punta molto sul <strong>rispetto reciproco<\/strong> e il <strong>mantenimento di un buon ambiente di lavoro<\/strong>, fondato sulla correttezza nei rapporti tra colleghi, con i partner e, naturalmente, con i clienti. Un altro elemento chiave \u00e8 la formazione continua, che ci permette di offrire sempre la massima qualit\u00e0. Il risultato \u00e8 una squadra affiatata che ama il proprio lavoro e punta all\u2019obiettivo comune: la soddisfazione del cliente.<\/p>\n<p>Vorresti fare parte anche tu del nostro team? Inviaci la tua candidatura!<\/p>\n","protected":false},"excerpt":{"rendered":"<p>Ecco il nostro team. Vuoi farne parte? Il team Felderer Bau fa della solidit\u00e0 mestiere! Sotto la guida di Hubert Felderer, i nostri dieci collaboratori altamente<span class=\"excerpt-hellip\"> [\u2026]<\/span><\/p>\n","protected":false},"author":1,"featured_media":0,"parent":0,"menu_order":0,"comment_status":"closed","ping_status":"closed","template":"","meta":[],"yoast_head":"<!-- This site is optimized with the Yoast SEO plugin v19.6.1 - https:\/\/yoast.com\/wordpress\/plugins\/seo\/ -->\n<title>Impresa edile Felderer Bau: team e carriera - Alto Adige<\/title>\n<meta name=\"description\" content=\"Ecco la squadra Felderer Bau. Vuoi lavorare con noi? Invia la tua candidatura ed entra a far parte del nostro team! Chiusa - Alto Adige\" \/>\n<meta name=\"robots\" content=\"index, follow, max-snippet:-1, max-image-preview:large, max-video-preview:-1\" \/>\n<link rel=\"canonical\" href=\"https:\/\/www.feldererbau.it\/it\/impresa-edile-team\/\" \/>\n<meta name=\"twitter:label1\" content=\"Tempo di lettura stimato\" \/>\n\t<meta name=\"twitter:data1\" content=\"1 minuto\" \/>\n<script type=\"application\/ld+json\" class=\"yoast-schema-graph\">{\"@context\":\"https:\/\/schema.org\",\"@graph\":[{\"@type\":\"WebPage\",\"@id\":\"https:\/\/www.feldererbau.it\/it\/impresa-edile-team\/\",\"url\":\"https:\/\/www.feldererbau.it\/it\/impresa-edile-team\/\",\"name\":\"Impresa edile Felderer Bau: team e carriera - Alto Adige\",\"isPartOf\":{\"@id\":\"https:\/\/www.feldererbau.it\/#website\"},\"datePublished\":\"2018-01-09T14:49:42+00:00\",\"dateModified\":\"2018-01-16T10:58:54+00:00\",\"description\":\"Ecco la squadra Felderer Bau. Vuoi lavorare con noi? Invia la tua candidatura ed entra a far parte del nostro team! Chiusa - Alto Adige\",\"breadcrumb\":{\"@id\":\"https:\/\/www.feldererbau.it\/it\/impresa-edile-team\/#breadcrumb\"},\"inLanguage\":\"it-IT\",\"potentialAction\":[{\"@type\":\"ReadAction\",\"target\":[\"https:\/\/www.feldererbau.it\/it\/impresa-edile-team\/\"]}]},{\"@type\":\"BreadcrumbList\",\"@id\":\"https:\/\/www.feldererbau.it\/it\/impresa-edile-team\/#breadcrumb\",\"itemListElement\":[{\"@type\":\"ListItem\",\"position\":1,\"name\":\"Startseite\",\"item\":\"https:\/\/www.feldererbau.it\/it\/\"},{\"@type\":\"ListItem\",\"position\":2,\"name\":\"Team &#038; Carriera\"}]},{\"@type\":\"WebSite\",\"@id\":\"https:\/\/www.feldererbau.it\/#website\",\"url\":\"https:\/\/www.feldererbau.it\/\",\"name\":\"Felderer Bau GmbH \/ srl\",\"description\":\"Felderer Bau \u2013 Baufirma und Maurer aus Klausen\",\"publisher\":{\"@id\":\"https:\/\/www.feldererbau.it\/#organization\"},\"potentialAction\":[{\"@type\":\"SearchAction\",\"target\":{\"@type\":\"EntryPoint\",\"urlTemplate\":\"https:\/\/www.feldererbau.it\/?s={search_term_string}\"},\"query-input\":\"required name=search_term_string\"}],\"inLanguage\":\"it-IT\"},{\"@type\":\"Organization\",\"@id\":\"https:\/\/www.feldererbau.it\/#organization\",\"name\":\"FELDERER BAU GmbH\",\"url\":\"https:\/\/www.feldererbau.it\/\",\"sameAs\":[],\"logo\":{\"@type\":\"ImageObject\",\"inLanguage\":\"it-IT\",\"@id\":\"https:\/\/www.feldererbau.it\/#\/schema\/logo\/image\/\",\"url\":\"https:\/\/www.feldererbau.it\/wp-content\/uploads\/apple-touch-icon-felderer-bau.png\",\"contentUrl\":\"https:\/\/www.feldererbau.it\/wp-content\/uploads\/apple-touch-icon-felderer-bau.png\",\"width\":180,\"height\":180,\"caption\":\"FELDERER BAU GmbH\"},\"image\":{\"@id\":\"https:\/\/www.feldererbau.it\/#\/schema\/logo\/image\/\"}}]}<\/script>\n<!-- \/ Yoast SEO plugin. -->","yoast_head_json":{"title":"Impresa edile Felderer Bau: team e carriera - Alto Adige","description":"Ecco la squadra Felderer Bau. Vuoi lavorare con noi? Invia la tua candidatura ed entra a far parte del nostro team! Chiusa - Alto Adige","robots":{"index":"index","follow":"follow","max-snippet":"max-snippet:-1","max-image-preview":"max-image-preview:large","max-video-preview":"max-video-preview:-1"},"canonical":"https:\/\/www.feldererbau.it\/it\/impresa-edile-team\/","twitter_misc":{"Tempo di lettura stimato":"1 minuto"},"schema":{"@context":"https:\/\/schema.org","@graph":[{"@type":"WebPage","@id":"https:\/\/www.feldererbau.it\/it\/impresa-edile-team\/","url":"https:\/\/www.feldererbau.it\/it\/impresa-edile-team\/","name":"Impresa edile Felderer Bau: team e carriera - Alto Adige","isPartOf":{"@id":"https:\/\/www.feldererbau.it\/#website"},"datePublished":"2018-01-09T14:49:42+00:00","dateModified":"2018-01-16T10:58:54+00:00","description":"Ecco la squadra Felderer Bau. Vuoi lavorare con noi? Invia la tua candidatura ed entra a far parte del nostro team! Chiusa - Alto Adige","breadcrumb":{"@id":"https:\/\/www.feldererbau.it\/it\/impresa-edile-team\/#breadcrumb"},"inLanguage":"it-IT","potentialAction":[{"@type":"ReadAction","target":["https:\/\/www.feldererbau.it\/it\/impresa-edile-team\/"]}]},{"@type":"BreadcrumbList","@id":"https:\/\/www.feldererbau.it\/it\/impresa-edile-team\/#breadcrumb","itemListElement":[{"@type":"ListItem","position":1,"name":"Startseite","item":"https:\/\/www.feldererbau.it\/it\/"},{"@type":"ListItem","position":2,"name":"Team &#038; Carriera"}]},{"@type":"WebSite","@id":"https:\/\/www.feldererbau.it\/#website","url":"https:\/\/www.feldererbau.it\/","name":"Felderer Bau GmbH \/ srl","description":"Felderer Bau \u2013 Baufirma und Maurer aus Klausen","publisher":{"@id":"https:\/\/www.feldererbau.it\/#organization"},"potentialAction":[{"@type":"SearchAction","target":{"@type":"EntryPoint","urlTemplate":"https:\/\/www.feldererbau.it\/?s={search_term_string}"},"query-input":"required name=search_term_string"}],"inLanguage":"it-IT"},{"@type":"Organization","@id":"https:\/\/www.feldererbau.it\/#organization","name":"FELDERER BAU GmbH","url":"https:\/\/www.feldererbau.it\/","sameAs":[],"logo":{"@type":"ImageObject","inLanguage":"it-IT","@id":"https:\/\/www.feldererbau.it\/#\/schema\/logo\/image\/","url":"https:\/\/www.feldererbau.it\/wp-content\/uploads\/apple-touch-icon-felderer-bau.png","contentUrl":"https:\/\/www.feldererbau.it\/wp-content\/uploads\/apple-touch-icon-felderer-bau.png","width":180,"height":180,"caption":"FELDERER BAU GmbH"},"image":{"@id":"https:\/\/www.feldererbau.it\/#\/schema\/logo\/image\/"}}]}},"_links":{"self":[{"href":"https:\/\/www.feldererbau.it\/it\/wp-json\/wp\/v2\/pages\/1133"}],"collection":[{"href":"https:\/\/www.feldererbau.it\/it\/wp-json\/wp\/v2\/pages"}],"about":[{"href":"https:\/\/www.feldererbau.it\/it\/wp-json\/wp\/v2\/types\/page"}],"author":[{"embeddable":true,"href":"https:\/\/www.feldererbau.it\/it\/wp-json\/wp\/v2\/users\/1"}],"replies":[{"embeddable":true,"href":"https:\/\/www.feldererbau.it\/it\/wp-json\/wp\/v2\/comments?post=1133"}],"version-history":[{"count":3,"href":"https:\/\/www.feldererbau.it\/it\/wp-json\/wp\/v2\/pages\/1133\/revisions"}],"predecessor-version":[{"id":1280,"href":"https:\/\/www.feldererbau.it\/it\/wp-json\/wp\/v2\/pages\/1133\/revisions\/1280"}],"wp:attachment":[{"href":"https:\/\/www.feldererbau.it\/it\/wp-json\/wp\/v2\/media?parent=1133"}],"curies":[{"name":"wp","href":"https:\/\/api.w.org\/{rel}","templated":true}]}}