{"id":1146,"date":"2018-01-10T08:46:58","date_gmt":"2018-01-10T07:46:58","guid":{"rendered":"https:\/\/www.feldererbau.it\/cookies\/"},"modified":"2018-01-12T14:12:04","modified_gmt":"2018-01-12T13:12:04","slug":"cookies","status":"publish","type":"page","link":"https:\/\/www.feldererbau.it\/it\/cookies\/","title":{"rendered":"Cookies"},"content":{"rendered":"<h1>Cookies<\/h1>\n<p><strong>Che cosa \u00e8 un cookie?<br \/>\n<\/strong>Un cookie \u00e8 un file di testo che viene salvato durante l\u2019accesso di un sito Web sul proprio PC, tablet o smartphone. I cookie rendono possibile ricaricare il sito con le impostazioni preferite dell\u2019ultimo accesso (lingua, grandezza del carattere ed altro). I cookie del nostro sito non vengono utilizzati per raccogliere informazioni personali del visitatore e non rappresentano nessun rischio per la sua privacy.<\/p>\n<p><strong>Specifiche di vari tipi di cookie:<\/strong><\/p>\n<p><strong>Cookie tecnici [ non \u00e8 richiesto il consenso dell&#8217;utente ]<br \/>\n<\/strong>Tra i cosidetti cookie tecnici, segnaliamo i cookie essenziali che abilitano funzioni, senza le quali non sarebbe possibile navigare in internet. Questi cookie funzionano esclusivamente per la sessione in corso e sono quindi detti \u201ccookie di prima parte\u201d. Questi cookie scadono automaticamente quando l&#8217;utente chiude il browser. Rientrano, altres\u00ec, nell\u2019ambito dei cookie tecnici anche i cookie di analitica, utilizzati per analizzare statisticamente gli accessi al sito, hanno esclusivamente scopi statistici e raccolgono informazioni in modo anonimo senza possibilit\u00e0 di risalire all\u2019identificazione del singolo utente.<\/p>\n<p><strong>Cookie di profilazione [ \u00e8 richiesto il consenso dell&#8217;utente ]<br \/>\n<\/strong>I cookie di profilazione vengono utilizzati per raccogliere informazioni relative all&#8217;utente, al fine di inviare messaggi pubblicitari in linea con le preferenze manifestate dallo stesso nell&#8217;ambito della navigazione in rete.<\/p>\n<p><strong>Cookie di terze parti<br \/>\n<\/strong>Trattandosi di cookie di siti diversi da questo sito, utilizzati per finalit\u00e0 proprie di dette terze parti, le relative informazioni e modalit\u00e0 per prestare o negare il proprio consenso sono disponibili cliccando i link qui sotto.<\/p>\n<p><a href=\"http:\/\/www.google.com\/intl\/de\/policies\/technologies\/cookies\/\">Youtube<\/a><br \/>\n<a href=\"http:\/\/www.google.com\/intl\/de\/policies\/technologies\/cookies\/\">Google Analytics<br \/>\n<\/a><a href=\"http:\/\/www.google.com\/intl\/de\/policies\/technologies\/cookies\/\">Google Maps<br \/>\n<\/a><a href=\"http:\/\/www.google.com\/intl\/de\/policies\/technologies\/cookies\/\">Google Plus<br \/>\n<\/a><a href=\"https:\/\/www.facebook.com\/help\/cookies\/\">Facebook<br \/>\n<\/a><a href=\"http:\/\/www.cleverreach.com\/privacy\">Cleverreach<\/a><\/p>\n<p><strong>Controllo per l\u2019utilizzo dei Cookie<br \/>\n<\/strong>Quasi tutti browser offrono la possibilit\u00e0 di disattivare i Cookie. Dopo la disattivazione dei Cookie non si pu\u00f2 garantire il funzionamento corretto del sito web<\/p>\n<p><strong>Guida per la disattivazione dei Cookie nei diversi browser:<\/strong><\/p>\n<p><strong>Firefox:<\/strong><\/p>\n<ul>\n<li>Apri Firefox<\/li>\n<li>Premi il pulsante \u201cAlt\u201d sulla tastiera<\/li>\n<li>Nella barra degli strumenti situata nella parte superiore del browser, seleziona \u201cStrumenti\u201d e successivamente \u201cOpzioni\u201d<\/li>\n<li>Seleziona quindi la scheda \u201cPrivacy\u201d<\/li>\n<li>Vai su \u201cImpostazioni Cronologia:\u201d e successivamente su \u201cUtilizza impostazioni personalizzate\u201d . Deseleziona \u201cAccetta i cookie dai siti\u201d e salva le preferenze.<\/li>\n<\/ul>\n<p><strong>Internet Explorer:<\/strong><\/p>\n<ul>\n<li>Apri Internet Explorer<\/li>\n<li>Clicca sul pulsante \u201cStrumenti\u201d e quindi su \u201cOpzioni Internet\u201d<\/li>\n<li>Seleziona la scheda \u201cPrivacy\u201d e sposta il dispositivo di scorrimento sul livello di privacy che desideri impostare (verso l\u2019alto per bloccare tutti i cookie o verso il basso per consentirli tutti)<\/li>\n<li>Quindi clicca su OK<\/li>\n<\/ul>\n<p><strong>Google Chrome:<\/strong><\/p>\n<ul>\n<li>Apri Google Chrome<\/li>\n<li>Clicca sull&#8217;icona \u201cStrumenti\u201d<\/li>\n<li>Seleziona \u201cImpostazioni\u201d e successivamente \u201cImpostazioni avanzate\u201d<\/li>\n<li>Seleziona \u201cImpostazioni dei contenuti\u201d sotto la voce \u201cPrivacy\u201d<\/li>\n<li>Nella scheda \u201cCookies\u201d \u00e8 possibile deselezionare i cookie e salvare le preferenze<\/li>\n<\/ul>\n<p><strong>Safari:<\/strong><\/p>\n<ul>\n<li>Apri Safari<\/li>\n<li>Scegli \u201cPreferenze\u201d nella barra degli strumenti, quindi seleziona il pannello \u201cSicurezza\u201d nella finestra di dialogo che segue<\/li>\n<li>Nella sezione \u201cAccetta cookie\u201d \u00e8 possibile specificare se e quando Safari deve salvare i cookies dai siti web. Per ulteriori informazioni clicca sul pulsante di Aiuto ( contrassegnato da un punto interrogativo)<\/li>\n<li>Per maggiori informazioni sui cookie che vengono memorizzati sul vostro computer, clicca su \u201cMostra cookie\u201d<\/li>\n<\/ul>\n<p>Per maggiori informazioni sui Cookie visitate i seguenti link:<br \/>\n<a href=\"http:\/\/www.allaboutcookies.org\/\">http:\/\/www.allaboutcookies.org\/<\/a> oppure <a href=\"http:\/\/www.youronlinechoices.eu\/\">http:\/\/www.youronlinechoices.eu\/<\/a><\/p>\n","protected":false},"excerpt":{"rendered":"<p>Cookies Che cosa \u00e8 un cookie? Un cookie \u00e8 un file di testo che viene salvato durante l\u2019accesso di un sito Web sul proprio PC, tablet<span class=\"excerpt-hellip\"> [\u2026]<\/span><\/p>\n","protected":false},"author":1,"featured_media":0,"parent":0,"menu_order":0,"comment_status":"closed","ping_status":"closed","template":"","meta":[],"yoast_head":"<!-- This site is optimized with the Yoast SEO plugin v19.6.1 - https:\/\/yoast.com\/wordpress\/plugins\/seo\/ -->\n<title>Baufirma S\u00fcdtirol \u2013 Felderer Bau in Klausen, Ihr Bauprofi f\u00fcr jedes Projekt<\/title>\n<meta name=\"description\" content=\"Baufirma S\u00fcdtirol: Felderer Bau in Klausen ist Ihr Profi f\u00fcr jedes Bauprojekt. Sanierungen, denkmalgesch\u00fctztes Bauen, Neu- und Umbauten f\u00fchren wir zuverl\u00e4ssig durch!\" \/>\n<meta name=\"robots\" content=\"noindex, follow\" \/>\n<meta name=\"twitter:label1\" content=\"Tempo di lettura stimato\" \/>\n\t<meta name=\"twitter:data1\" content=\"3 minuti\" \/>\n<script type=\"application\/ld+json\" class=\"yoast-schema-graph\">{\"@context\":\"https:\/\/schema.org\",\"@graph\":[{\"@type\":\"WebPage\",\"@id\":\"https:\/\/www.feldererbau.it\/it\/cookies\/\",\"url\":\"https:\/\/www.feldererbau.it\/it\/cookies\/\",\"name\":\"Baufirma S\u00fcdtirol \u2013 Felderer Bau in Klausen, Ihr Bauprofi f\u00fcr jedes Projekt\",\"isPartOf\":{\"@id\":\"https:\/\/www.feldererbau.it\/#website\"},\"datePublished\":\"2018-01-10T07:46:58+00:00\",\"dateModified\":\"2018-01-12T13:12:04+00:00\",\"description\":\"Baufirma S\u00fcdtirol: Felderer Bau in Klausen ist Ihr Profi f\u00fcr jedes Bauprojekt. Sanierungen, denkmalgesch\u00fctztes Bauen, Neu- und Umbauten f\u00fchren wir zuverl\u00e4ssig durch!\",\"breadcrumb\":{\"@id\":\"https:\/\/www.feldererbau.it\/it\/cookies\/#breadcrumb\"},\"inLanguage\":\"it-IT\",\"potentialAction\":[{\"@type\":\"ReadAction\",\"target\":[\"https:\/\/www.feldererbau.it\/it\/cookies\/\"]}]},{\"@type\":\"BreadcrumbList\",\"@id\":\"https:\/\/www.feldererbau.it\/it\/cookies\/#breadcrumb\",\"itemListElement\":[{\"@type\":\"ListItem\",\"position\":1,\"name\":\"Startseite\",\"item\":\"https:\/\/www.feldererbau.it\/it\/\"},{\"@type\":\"ListItem\",\"position\":2,\"name\":\"Cookies\"}]},{\"@type\":\"WebSite\",\"@id\":\"https:\/\/www.feldererbau.it\/#website\",\"url\":\"https:\/\/www.feldererbau.it\/\",\"name\":\"Felderer Bau GmbH \/ srl\",\"description\":\"Felderer Bau \u2013 Baufirma und Maurer aus Klausen\",\"publisher\":{\"@id\":\"https:\/\/www.feldererbau.it\/#organization\"},\"potentialAction\":[{\"@type\":\"SearchAction\",\"target\":{\"@type\":\"EntryPoint\",\"urlTemplate\":\"https:\/\/www.feldererbau.it\/?s={search_term_string}\"},\"query-input\":\"required name=search_term_string\"}],\"inLanguage\":\"it-IT\"},{\"@type\":\"Organization\",\"@id\":\"https:\/\/www.feldererbau.it\/#organization\",\"name\":\"FELDERER BAU GmbH\",\"url\":\"https:\/\/www.feldererbau.it\/\",\"sameAs\":[],\"logo\":{\"@type\":\"ImageObject\",\"inLanguage\":\"it-IT\",\"@id\":\"https:\/\/www.feldererbau.it\/#\/schema\/logo\/image\/\",\"url\":\"https:\/\/www.feldererbau.it\/wp-content\/uploads\/apple-touch-icon-felderer-bau.png\",\"contentUrl\":\"https:\/\/www.feldererbau.it\/wp-content\/uploads\/apple-touch-icon-felderer-bau.png\",\"width\":180,\"height\":180,\"caption\":\"FELDERER BAU GmbH\"},\"image\":{\"@id\":\"https:\/\/www.feldererbau.it\/#\/schema\/logo\/image\/\"}}]}<\/script>\n<!-- \/ Yoast SEO plugin. -->","yoast_head_json":{"title":"Baufirma S\u00fcdtirol \u2013 Felderer Bau in Klausen, Ihr Bauprofi f\u00fcr jedes Projekt","description":"Baufirma S\u00fcdtirol: Felderer Bau in Klausen ist Ihr Profi f\u00fcr jedes Bauprojekt. Sanierungen, denkmalgesch\u00fctztes Bauen, Neu- und Umbauten f\u00fchren wir zuverl\u00e4ssig durch!","robots":{"index":"noindex","follow":"follow"},"twitter_misc":{"Tempo di lettura stimato":"3 minuti"},"schema":{"@context":"https:\/\/schema.org","@graph":[{"@type":"WebPage","@id":"https:\/\/www.feldererbau.it\/it\/cookies\/","url":"https:\/\/www.feldererbau.it\/it\/cookies\/","name":"Baufirma S\u00fcdtirol \u2013 Felderer Bau in Klausen, Ihr Bauprofi f\u00fcr jedes Projekt","isPartOf":{"@id":"https:\/\/www.feldererbau.it\/#website"},"datePublished":"2018-01-10T07:46:58+00:00","dateModified":"2018-01-12T13:12:04+00:00","description":"Baufirma S\u00fcdtirol: Felderer Bau in Klausen ist Ihr Profi f\u00fcr jedes Bauprojekt. Sanierungen, denkmalgesch\u00fctztes Bauen, Neu- und Umbauten f\u00fchren wir zuverl\u00e4ssig durch!","breadcrumb":{"@id":"https:\/\/www.feldererbau.it\/it\/cookies\/#breadcrumb"},"inLanguage":"it-IT","potentialAction":[{"@type":"ReadAction","target":["https:\/\/www.feldererbau.it\/it\/cookies\/"]}]},{"@type":"BreadcrumbList","@id":"https:\/\/www.feldererbau.it\/it\/cookies\/#breadcrumb","itemListElement":[{"@type":"ListItem","position":1,"name":"Startseite","item":"https:\/\/www.feldererbau.it\/it\/"},{"@type":"ListItem","position":2,"name":"Cookies"}]},{"@type":"WebSite","@id":"https:\/\/www.feldererbau.it\/#website","url":"https:\/\/www.feldererbau.it\/","name":"Felderer Bau GmbH \/ srl","description":"Felderer Bau \u2013 Baufirma und Maurer aus Klausen","publisher":{"@id":"https:\/\/www.feldererbau.it\/#organization"},"potentialAction":[{"@type":"SearchAction","target":{"@type":"EntryPoint","urlTemplate":"https:\/\/www.feldererbau.it\/?s={search_term_string}"},"query-input":"required name=search_term_string"}],"inLanguage":"it-IT"},{"@type":"Organization","@id":"https:\/\/www.feldererbau.it\/#organization","name":"FELDERER BAU GmbH","url":"https:\/\/www.feldererbau.it\/","sameAs":[],"logo":{"@type":"ImageObject","inLanguage":"it-IT","@id":"https:\/\/www.feldererbau.it\/#\/schema\/logo\/image\/","url":"https:\/\/www.feldererbau.it\/wp-content\/uploads\/apple-touch-icon-felderer-bau.png","contentUrl":"https:\/\/www.feldererbau.it\/wp-content\/uploads\/apple-touch-icon-felderer-bau.png","width":180,"height":180,"caption":"FELDERER BAU GmbH"},"image":{"@id":"https:\/\/www.feldererbau.it\/#\/schema\/logo\/image\/"}}]}},"_links":{"self":[{"href":"https:\/\/www.feldererbau.it\/it\/wp-json\/wp\/v2\/pages\/1146"}],"collection":[{"href":"https:\/\/www.feldererbau.it\/it\/wp-json\/wp\/v2\/pages"}],"about":[{"href":"https:\/\/www.feldererbau.it\/it\/wp-json\/wp\/v2\/types\/page"}],"author":[{"embeddable":true,"href":"https:\/\/www.feldererbau.it\/it\/wp-json\/wp\/v2\/users\/1"}],"replies":[{"embeddable":true,"href":"https:\/\/www.feldererbau.it\/it\/wp-json\/wp\/v2\/comments?post=1146"}],"version-history":[{"count":2,"href":"https:\/\/www.feldererbau.it\/it\/wp-json\/wp\/v2\/pages\/1146\/revisions"}],"predecessor-version":[{"id":1148,"href":"https:\/\/www.feldererbau.it\/it\/wp-json\/wp\/v2\/pages\/1146\/revisions\/1148"}],"wp:attachment":[{"href":"https:\/\/www.feldererbau.it\/it\/wp-json\/wp\/v2\/media?parent=1146"}],"curies":[{"name":"wp","href":"https:\/\/api.w.org\/{rel}","templated":true}]}}